{"id":1324,"date":"2025-01-13T22:48:12","date_gmt":"2025-01-13T22:48:12","guid":{"rendered":"https:\/\/bokaditosca.com\/about-2\/"},"modified":"2025-03-17T22:09:12","modified_gmt":"2025-03-17T22:09:12","slug":"about-2","status":"publish","type":"page","link":"https:\/\/bokaditosca.com\/es\/about-2\/","title":{"rendered":"About"},"content":{"rendered":"<div data-elementor-type=\"wp-page\" data-elementor-id=\"1324\" class=\"elementor elementor-1324\">\n\t\t\t\t<div class=\"elementor-element elementor-element-c50df3e e-flex e-con-boxed e-con e-parent\" data-id=\"c50df3e\" data-element_type=\"container\" data-e-type=\"container\" data-settings=\"{&quot;background_background&quot;:&quot;classic&quot;}\">\n\t\t\t\t\t<div class=\"e-con-inner\">\n\t\t\t\t<div class=\"elementor-element elementor-element-44010d7 elementor-widget elementor-widget-spacer\" data-id=\"44010d7\" data-element_type=\"widget\" data-e-type=\"widget\" data-widget_type=\"spacer.default\">\n\t\t\t\t<div class=\"elementor-widget-container\">\n\t\t\t\t\t\t\t<div class=\"elementor-spacer\">\n\t\t\t<div class=\"elementor-spacer-inner\"><\/div>\n\t\t<\/div>\n\t\t\t\t\t\t<\/div>\n\t\t\t\t<\/div>\n\t\t\t\t\t<\/div>\n\t\t\t\t<\/div>\n\t\t<div class=\"elementor-element elementor-element-a39389b e-flex e-con-boxed e-con e-parent\" data-id=\"a39389b\" data-element_type=\"container\" data-e-type=\"container\">\n\t\t\t\t\t<div class=\"e-con-inner\">\n\t\t\t\t<div class=\"elementor-element elementor-element-f8674be elementor-widget elementor-widget-heading\" data-id=\"f8674be\" data-element_type=\"widget\" data-e-type=\"widget\" data-widget_type=\"heading.default\">\n\t\t\t\t<div class=\"elementor-widget-container\">\n\t\t\t\t\t<h2 class=\"elementor-heading-title elementor-size-default\">Quienes somos <\/h2>\t\t\t\t<\/div>\n\t\t\t\t<\/div>\n\t\t\t\t<div class=\"elementor-element elementor-element-fa0b0eb elementor-widget elementor-widget-text-editor\" data-id=\"fa0b0eb\" data-element_type=\"widget\" data-e-type=\"widget\" data-widget_type=\"text-editor.default\">\n\t\t\t\t<div class=\"elementor-widget-container\">\n\t\t\t\t\t\t\t\t\t<p>Desde hace m\u00e1s de 2 a\u00f1os, bokaditos ha llevado los aut\u00e9nticos sabores de Colombia a las calles de San Francisco. Con cada bocado de nuestras deliciosas empanadas y arepas, buscamos transportarte a las coloridas calles de Colombia y compartir contigo la calidez de nuestra cultura.<\/p>\t\t\t\t\t\t\t\t<\/div>\n\t\t\t\t<\/div>\n\t\t\t\t\t<\/div>\n\t\t\t\t<\/div>\n\t\t<div class=\"elementor-element elementor-element-1489dc4 e-flex e-con-boxed e-con e-parent\" data-id=\"1489dc4\" data-element_type=\"container\" data-e-type=\"container\">\n\t\t\t\t\t<div class=\"e-con-inner\">\n\t\t\t\t<div class=\"elementor-element elementor-element-c7e409b elementor-widget elementor-widget-image\" data-id=\"c7e409b\" data-element_type=\"widget\" data-e-type=\"widget\" data-widget_type=\"image.default\">\n\t\t\t\t<div class=\"elementor-widget-container\">\n\t\t\t\t\t\t\t\t\t\t\t\t\t\t\t<img fetchpriority=\"high\" decoding=\"async\" width=\"1000\" height=\"500\" src=\"https:\/\/bokaditosca.com\/wp-content\/uploads\/2025\/01\/Receta_Empanadas_de_iglesia_Aderezos_L.webp\" class=\"attachment-large size-large wp-image-2933\" alt=\"\" srcset=\"https:\/\/bokaditosca.com\/wp-content\/uploads\/2025\/01\/Receta_Empanadas_de_iglesia_Aderezos_L.webp 1000w, https:\/\/bokaditosca.com\/wp-content\/uploads\/2025\/01\/Receta_Empanadas_de_iglesia_Aderezos_L-300x150.webp 300w, https:\/\/bokaditosca.com\/wp-content\/uploads\/2025\/01\/Receta_Empanadas_de_iglesia_Aderezos_L-768x384.webp 768w, https:\/\/bokaditosca.com\/wp-content\/uploads\/2025\/01\/Receta_Empanadas_de_iglesia_Aderezos_L-600x300.webp 600w\" sizes=\"(max-width: 1000px) 100vw, 1000px\" \/>\t\t\t\t\t\t\t\t\t\t\t\t\t\t\t<\/div>\n\t\t\t\t<\/div>\n\t\t\t\t\t<\/div>\n\t\t\t\t<\/div>\n\t\t<div class=\"elementor-element elementor-element-ec9ef11 e-flex e-con-boxed e-con e-parent\" data-id=\"ec9ef11\" data-element_type=\"container\" data-e-type=\"container\">\n\t\t\t\t\t<div class=\"e-con-inner\">\n\t\t<div class=\"elementor-element elementor-element-a797b88 e-con-full e-flex e-con e-child\" data-id=\"a797b88\" data-element_type=\"container\" data-e-type=\"container\">\n\t\t\t\t<div class=\"elementor-element elementor-element-6ea99b8 elementor-widget elementor-widget-heading\" data-id=\"6ea99b8\" data-element_type=\"widget\" data-e-type=\"widget\" data-widget_type=\"heading.default\">\n\t\t\t\t<div class=\"elementor-widget-container\">\n\t\t\t\t\t<h2 class=\"elementor-heading-title elementor-size-default\">Nuestra misi\u00f3n<\/h2>\t\t\t\t<\/div>\n\t\t\t\t<\/div>\n\t\t\t\t<div class=\"elementor-element elementor-element-8a0c88a elementor-widget elementor-widget-text-editor\" data-id=\"8a0c88a\" data-element_type=\"widget\" data-e-type=\"widget\" data-widget_type=\"text-editor.default\">\n\t\t\t\t<div class=\"elementor-widget-container\">\n\t\t\t\t\t\t\t\t\t<p>Llevar la alegr\u00eda y el sabor de la comida colombiana a cada rinc\u00f3n de San Francisco, promoviendo la cultura y la gastronom\u00eda \nde nuestro pa\u00eds. <br \/>of our country.<\/p>\t\t\t\t\t\t\t\t<\/div>\n\t\t\t\t<\/div>\n\t\t\t\t<\/div>\n\t\t<div class=\"elementor-element elementor-element-0e73788 e-con-full e-flex e-con e-child\" data-id=\"0e73788\" data-element_type=\"container\" data-e-type=\"container\">\n\t\t\t\t<div class=\"elementor-element elementor-element-c99aa67 elementor-widget elementor-widget-heading\" data-id=\"c99aa67\" data-element_type=\"widget\" data-e-type=\"widget\" data-widget_type=\"heading.default\">\n\t\t\t\t<div class=\"elementor-widget-container\">\n\t\t\t\t\t<h2 class=\"elementor-heading-title elementor-size-default\">Nuestra visi\u00f3n\u200b<\/h2>\t\t\t\t<\/div>\n\t\t\t\t<\/div>\n\t\t\t\t<div class=\"elementor-element elementor-element-3e4b2f2 elementor-widget elementor-widget-text-editor\" data-id=\"3e4b2f2\" data-element_type=\"widget\" data-e-type=\"widget\" data-widget_type=\"text-editor.default\">\n\t\t\t\t<div class=\"elementor-widget-container\">\n\t\t\t\t\t\t\t\t\t<p>Convertirnos en el referente de la comida colombiana en la Bah\u00eda de San Francisco, ofreciendo productos de alta calidad y un servicio excepcional, para que nuestros clientes puedan disfrutar de una experiencia culinaria.<\/p>\t\t\t\t\t\t\t\t<\/div>\n\t\t\t\t<\/div>\n\t\t\t\t<\/div>\n\t\t\t\t\t<\/div>\n\t\t\t\t<\/div>\n\t\t<div class=\"elementor-element elementor-element-c5e20d8 e-flex e-con-boxed e-con e-parent\" data-id=\"c5e20d8\" data-element_type=\"container\" data-e-type=\"container\">\n\t\t\t\t\t<div class=\"e-con-inner\">\n\t\t\t\t<div class=\"elementor-element elementor-element-a9876bf elementor-widget elementor-widget-heading\" data-id=\"a9876bf\" data-element_type=\"widget\" data-e-type=\"widget\" data-widget_type=\"heading.default\">\n\t\t\t\t<div class=\"elementor-widget-container\">\n\t\t\t\t\t<h2 class=\"elementor-heading-title elementor-size-default\">\"<\/h2>\t\t\t\t<\/div>\n\t\t\t\t<\/div>\n\t\t\t\t<div class=\"elementor-element elementor-element-4d72824 elementor-widget elementor-widget-text-editor\" data-id=\"4d72824\" data-element_type=\"widget\" data-e-type=\"widget\" data-widget_type=\"text-editor.default\">\n\t\t\t\t<div class=\"elementor-widget-container\">\n\t\t\t\t\t\t\t\t\t<p>\u00a1Las empanadas colombianas m\u00e1s deliciosas te esperan!<\/p>\t\t\t\t\t\t\t\t<\/div>\n\t\t\t\t<\/div>\n\t\t\t\t\t<\/div>\n\t\t\t\t<\/div>\n\t\t<div class=\"elementor-element elementor-element-ed573f5 e-flex e-con-boxed e-con e-parent\" data-id=\"ed573f5\" data-element_type=\"container\" data-e-type=\"container\">\n\t\t\t\t\t<div class=\"e-con-inner\">\n\t\t\t\t<div class=\"elementor-element elementor-element-539c71a elementor-widget elementor-widget-image\" data-id=\"539c71a\" data-element_type=\"widget\" data-e-type=\"widget\" data-widget_type=\"image.default\">\n\t\t\t\t<div class=\"elementor-widget-container\">\n\t\t\t\t\t\t\t\t\t\t\t\t\t\t\t<img decoding=\"async\" width=\"1080\" height=\"814\" src=\"https:\/\/bokaditosca.com\/wp-content\/uploads\/2025\/01\/logo-bokaditos-2.png\" class=\"attachment-full size-full wp-image-2937\" alt=\"\" srcset=\"https:\/\/bokaditosca.com\/wp-content\/uploads\/2025\/01\/logo-bokaditos-2.png 1080w, https:\/\/bokaditosca.com\/wp-content\/uploads\/2025\/01\/logo-bokaditos-2-300x226.png 300w, https:\/\/bokaditosca.com\/wp-content\/uploads\/2025\/01\/logo-bokaditos-2-1024x772.png 1024w, https:\/\/bokaditosca.com\/wp-content\/uploads\/2025\/01\/logo-bokaditos-2-768x579.png 768w, https:\/\/bokaditosca.com\/wp-content\/uploads\/2025\/01\/logo-bokaditos-2-600x452.png 600w\" sizes=\"(max-width: 1080px) 100vw, 1080px\" \/>\t\t\t\t\t\t\t\t\t\t\t\t\t\t\t<\/div>\n\t\t\t\t<\/div>\n\t\t\t\t\t<\/div>\n\t\t\t\t<\/div>\n\t\t\t\t<\/div>","protected":false},"excerpt":{"rendered":"<p>Who we are For more than 2 years, bokaditos has brought the authentic flavors of Colombia to the streets of San Francisco. With every bite of our delicious empanadas and arepas, we seek to transport you to the colorful streets of Colombia and share with you the warmth of our culture. Our Mission To bring [&hellip;]<\/p>\n","protected":false},"author":1,"featured_media":0,"parent":0,"menu_order":0,"comment_status":"closed","ping_status":"closed","template":"elementor_header_footer","meta":{"_uag_custom_page_level_css":"","site-sidebar-layout":"no-sidebar","site-content-layout":"page-builder","ast-site-content-layout":"full-width-container","site-content-style":"unboxed","site-sidebar-style":"default","ast-global-header-display":"","ast-banner-title-visibility":"","ast-main-header-display":"","ast-hfb-above-header-display":"","ast-hfb-below-header-display":"","ast-hfb-mobile-header-display":"","site-post-title":"disabled","ast-breadcrumbs-content":"","ast-featured-img":"disabled","footer-sml-layout":"","ast-disable-related-posts":"","theme-transparent-header-meta":"enabled","adv-header-id-meta":"","stick-header-meta":"","header-above-stick-meta":"","header-main-stick-meta":"","header-below-stick-meta":"","astra-migrate-meta-layouts":"set","ast-page-background-enabled":"default","ast-page-background-meta":{"desktop":{"background-color":"var(--ast-global-color-4)","background-image":"","background-repeat":"repeat","background-position":"center center","background-size":"auto","background-attachment":"scroll","background-type":"","background-media":"","overlay-type":"","overlay-color":"","overlay-opacity":"","overlay-gradient":""},"tablet":{"background-color":"","background-image":"","background-repeat":"repeat","background-position":"center center","background-size":"auto","background-attachment":"scroll","background-type":"","background-media":"","overlay-type":"","overlay-color":"","overlay-opacity":"","overlay-gradient":""},"mobile":{"background-color":"","background-image":"","background-repeat":"repeat","background-position":"center center","background-size":"auto","background-attachment":"scroll","background-type":"","background-media":"","overlay-type":"","overlay-color":"","overlay-opacity":"","overlay-gradient":""}},"ast-content-background-meta":{"desktop":{"background-color":"var(--ast-global-color-5)","background-image":"","background-repeat":"repeat","background-position":"center center","background-size":"auto","background-attachment":"scroll","background-type":"","background-media":"","overlay-type":"","overlay-color":"","overlay-opacity":"","overlay-gradient":""},"tablet":{"background-color":"var(--ast-global-color-5)","background-image":"","background-repeat":"repeat","background-position":"center center","background-size":"auto","background-attachment":"scroll","background-type":"","background-media":"","overlay-type":"","overlay-color":"","overlay-opacity":"","overlay-gradient":""},"mobile":{"background-color":"var(--ast-global-color-5)","background-image":"","background-repeat":"repeat","background-position":"center center","background-size":"auto","background-attachment":"scroll","background-type":"","background-media":"","overlay-type":"","overlay-color":"","overlay-opacity":"","overlay-gradient":""}},"_joinchat":[],"footnotes":""},"class_list":["post-1324","page","type-page","status-publish","hentry"],"aioseo_notices":[],"uagb_featured_image_src":{"full":false,"thumbnail":false,"medium":false,"medium_large":false,"large":false,"1536x1536":false,"2048x2048":false,"trp-custom-language-flag":false,"woocommerce_thumbnail":false,"woocommerce_single":false,"woocommerce_gallery_thumbnail":false},"uagb_author_info":{"display_name":"bokaditos.ca@gmail.com","author_link":"https:\/\/bokaditosca.com\/es\/author\/bokaditos-cagmail-com\/"},"uagb_comment_info":0,"uagb_excerpt":"Who we are For more than 2 years, bokaditos has brought the authentic flavors of Colombia to the streets of San Francisco. With every bite of our delicious empanadas and arepas, we seek to transport you to the colorful streets of Colombia and share with you the warmth of our culture. Our Mission To bring&hellip;","_links":{"self":[{"href":"https:\/\/bokaditosca.com\/es\/wp-json\/wp\/v2\/pages\/1324","targetHints":{"allow":["GET"]}}],"collection":[{"href":"https:\/\/bokaditosca.com\/es\/wp-json\/wp\/v2\/pages"}],"about":[{"href":"https:\/\/bokaditosca.com\/es\/wp-json\/wp\/v2\/types\/page"}],"author":[{"embeddable":true,"href":"https:\/\/bokaditosca.com\/es\/wp-json\/wp\/v2\/users\/1"}],"replies":[{"embeddable":true,"href":"https:\/\/bokaditosca.com\/es\/wp-json\/wp\/v2\/comments?post=1324"}],"version-history":[{"count":20,"href":"https:\/\/bokaditosca.com\/es\/wp-json\/wp\/v2\/pages\/1324\/revisions"}],"predecessor-version":[{"id":3269,"href":"https:\/\/bokaditosca.com\/es\/wp-json\/wp\/v2\/pages\/1324\/revisions\/3269"}],"wp:attachment":[{"href":"https:\/\/bokaditosca.com\/es\/wp-json\/wp\/v2\/media?parent=1324"}],"curies":[{"name":"wp","href":"https:\/\/api.w.org\/{rel}","templated":true}]}}