{"id":1326,"date":"2025-01-13T22:48:12","date_gmt":"2025-01-13T22:48:12","guid":{"rendered":"https:\/\/bokaditosca.com\/services-2\/"},"modified":"2025-03-17T22:25:08","modified_gmt":"2025-03-17T22:25:08","slug":"services-2","status":"publish","type":"page","link":"https:\/\/bokaditosca.com\/es\/services-2\/","title":{"rendered":"Services"},"content":{"rendered":"<div data-elementor-type=\"wp-page\" data-elementor-id=\"1326\" class=\"elementor elementor-1326\">\n\t\t\t\t<div class=\"elementor-element elementor-element-d258560 e-transform e-transform e-transform e-transform elementor-hidden-tablet elementor-hidden-mobile e-flex e-con-boxed e-con e-parent\" data-id=\"d258560\" data-element_type=\"container\" data-e-type=\"container\" data-settings=\"{&quot;background_background&quot;:&quot;classic&quot;,&quot;_transform_rotateZ_effect&quot;:{&quot;unit&quot;:&quot;px&quot;,&quot;size&quot;:&quot;&quot;,&quot;sizes&quot;:[]},&quot;_transform_rotateZ_effect_laptop&quot;:{&quot;unit&quot;:&quot;deg&quot;,&quot;size&quot;:&quot;&quot;,&quot;sizes&quot;:[]},&quot;_transform_rotateZ_effect_tablet&quot;:{&quot;unit&quot;:&quot;deg&quot;,&quot;size&quot;:&quot;&quot;,&quot;sizes&quot;:[]},&quot;_transform_rotateZ_effect_mobile&quot;:{&quot;unit&quot;:&quot;deg&quot;,&quot;size&quot;:&quot;&quot;,&quot;sizes&quot;:[]},&quot;_transform_translateX_effect&quot;:{&quot;unit&quot;:&quot;px&quot;,&quot;size&quot;:&quot;&quot;,&quot;sizes&quot;:[]},&quot;_transform_translateX_effect_laptop&quot;:{&quot;unit&quot;:&quot;px&quot;,&quot;size&quot;:&quot;&quot;,&quot;sizes&quot;:[]},&quot;_transform_translateX_effect_tablet&quot;:{&quot;unit&quot;:&quot;px&quot;,&quot;size&quot;:&quot;&quot;,&quot;sizes&quot;:[]},&quot;_transform_translateX_effect_mobile&quot;:{&quot;unit&quot;:&quot;px&quot;,&quot;size&quot;:&quot;&quot;,&quot;sizes&quot;:[]},&quot;_transform_translateY_effect&quot;:{&quot;unit&quot;:&quot;px&quot;,&quot;size&quot;:&quot;&quot;,&quot;sizes&quot;:[]},&quot;_transform_translateY_effect_laptop&quot;:{&quot;unit&quot;:&quot;px&quot;,&quot;size&quot;:&quot;&quot;,&quot;sizes&quot;:[]},&quot;_transform_translateY_effect_tablet&quot;:{&quot;unit&quot;:&quot;px&quot;,&quot;size&quot;:&quot;&quot;,&quot;sizes&quot;:[]},&quot;_transform_translateY_effect_mobile&quot;:{&quot;unit&quot;:&quot;px&quot;,&quot;size&quot;:&quot;&quot;,&quot;sizes&quot;:[]},&quot;_transform_scale_effect&quot;:{&quot;unit&quot;:&quot;px&quot;,&quot;size&quot;:&quot;&quot;,&quot;sizes&quot;:[]},&quot;_transform_scale_effect_laptop&quot;:{&quot;unit&quot;:&quot;px&quot;,&quot;size&quot;:&quot;&quot;,&quot;sizes&quot;:[]},&quot;_transform_scale_effect_tablet&quot;:{&quot;unit&quot;:&quot;px&quot;,&quot;size&quot;:&quot;&quot;,&quot;sizes&quot;:[]},&quot;_transform_scale_effect_mobile&quot;:{&quot;unit&quot;:&quot;px&quot;,&quot;size&quot;:&quot;&quot;,&quot;sizes&quot;:[]},&quot;_transform_skewX_effect&quot;:{&quot;unit&quot;:&quot;px&quot;,&quot;size&quot;:&quot;&quot;,&quot;sizes&quot;:[]},&quot;_transform_skewX_effect_laptop&quot;:{&quot;unit&quot;:&quot;deg&quot;,&quot;size&quot;:&quot;&quot;,&quot;sizes&quot;:[]},&quot;_transform_skewX_effect_tablet&quot;:{&quot;unit&quot;:&quot;deg&quot;,&quot;size&quot;:&quot;&quot;,&quot;sizes&quot;:[]},&quot;_transform_skewX_effect_mobile&quot;:{&quot;unit&quot;:&quot;deg&quot;,&quot;size&quot;:&quot;&quot;,&quot;sizes&quot;:[]},&quot;_transform_skewY_effect&quot;:{&quot;unit&quot;:&quot;px&quot;,&quot;size&quot;:&quot;&quot;,&quot;sizes&quot;:[]},&quot;_transform_skewY_effect_laptop&quot;:{&quot;unit&quot;:&quot;deg&quot;,&quot;size&quot;:&quot;&quot;,&quot;sizes&quot;:[]},&quot;_transform_skewY_effect_tablet&quot;:{&quot;unit&quot;:&quot;deg&quot;,&quot;size&quot;:&quot;&quot;,&quot;sizes&quot;:[]},&quot;_transform_skewY_effect_mobile&quot;:{&quot;unit&quot;:&quot;deg&quot;,&quot;size&quot;:&quot;&quot;,&quot;sizes&quot;:[]}}\">\n\t\t\t\t\t<div class=\"e-con-inner\">\n\t\t\t\t<div class=\"elementor-element elementor-element-7cc6b2e elementor-widget elementor-widget-spacer\" data-id=\"7cc6b2e\" data-element_type=\"widget\" data-e-type=\"widget\" data-widget_type=\"spacer.default\">\n\t\t\t\t<div class=\"elementor-widget-container\">\n\t\t\t\t\t\t\t<div class=\"elementor-spacer\">\n\t\t\t<div class=\"elementor-spacer-inner\"><\/div>\n\t\t<\/div>\n\t\t\t\t\t\t<\/div>\n\t\t\t\t<\/div>\n\t\t\t\t<div class=\"elementor-element elementor-element-b5a9ffd elementor-widget elementor-widget-spacer\" data-id=\"b5a9ffd\" data-element_type=\"widget\" data-e-type=\"widget\" data-widget_type=\"spacer.default\">\n\t\t\t\t<div class=\"elementor-widget-container\">\n\t\t\t\t\t\t\t<div class=\"elementor-spacer\">\n\t\t\t<div class=\"elementor-spacer-inner\"><\/div>\n\t\t<\/div>\n\t\t\t\t\t\t<\/div>\n\t\t\t\t<\/div>\n\t\t\t\t\t<\/div>\n\t\t\t\t<\/div>\n\t\t<div class=\"elementor-element elementor-element-ef3b76e elementor-hidden-desktop elementor-hidden-laptop e-flex e-con-boxed e-con e-parent\" data-id=\"ef3b76e\" data-element_type=\"container\" data-e-type=\"container\">\n\t\t\t\t\t<div class=\"e-con-inner\">\n\t\t<div class=\"elementor-element elementor-element-65c4870 e-con-full e-flex e-con e-child\" data-id=\"65c4870\" data-element_type=\"container\" data-e-type=\"container\">\n\t\t\t\t<div class=\"elementor-element elementor-element-4edb297 elementor-widget elementor-widget-image\" data-id=\"4edb297\" data-element_type=\"widget\" data-e-type=\"widget\" data-widget_type=\"image.default\">\n\t\t\t\t<div class=\"elementor-widget-container\">\n\t\t\t\t\t\t\t\t\t\t\t\t\t\t\t<img fetchpriority=\"high\" decoding=\"async\" width=\"1024\" height=\"1024\" src=\"https:\/\/bokaditosca.com\/wp-content\/uploads\/2025\/01\/post-25-01-1024x1024.png\" class=\"attachment-large size-large wp-image-2948\" alt=\"\" srcset=\"https:\/\/bokaditosca.com\/wp-content\/uploads\/2025\/01\/post-25-01-1024x1024.png 1024w, https:\/\/bokaditosca.com\/wp-content\/uploads\/2025\/01\/post-25-01-300x300.png 300w, https:\/\/bokaditosca.com\/wp-content\/uploads\/2025\/01\/post-25-01-150x150.png 150w, https:\/\/bokaditosca.com\/wp-content\/uploads\/2025\/01\/post-25-01-768x768.png 768w, https:\/\/bokaditosca.com\/wp-content\/uploads\/2025\/01\/post-25-01-600x600.png 600w, https:\/\/bokaditosca.com\/wp-content\/uploads\/2025\/01\/post-25-01-100x100.png 100w, https:\/\/bokaditosca.com\/wp-content\/uploads\/2025\/01\/post-25-01.png 1080w\" sizes=\"(max-width: 1024px) 100vw, 1024px\" \/>\t\t\t\t\t\t\t\t\t\t\t\t\t\t\t<\/div>\n\t\t\t\t<\/div>\n\t\t\t\t<\/div>\n\t\t<div class=\"elementor-element elementor-element-6878d7c e-con-full e-flex e-con e-child\" data-id=\"6878d7c\" data-element_type=\"container\" data-e-type=\"container\">\n\t\t\t\t<div class=\"elementor-element elementor-element-475d6c1 elementor-widget elementor-widget-text-editor\" data-id=\"475d6c1\" data-element_type=\"widget\" data-e-type=\"widget\" data-widget_type=\"text-editor.default\">\n\t\t\t\t<div class=\"elementor-widget-container\">\n\t\t\t\t\t\t\t\t\t<p>\u201c\u00a1Eleva tu men\u00fa con el sabor de Colombia! Ofrecemos empanadas colombianas ultracongeladas, preparadas artesanalmente con los mejores ingredientes. Nuestra amplia variedad de rellenos, desde los cl\u00e1sicos hasta opciones vegetarianas, se adapta a cualquier paladar. \u00a1Presentaci\u00f3n ideal para tu negocio, f\u00e1cil de almacenar y cocinar! Cont\u00e1ctanos para mayor informaci\u00f3n.\u201d<\/p>\t\t\t\t\t\t\t\t<\/div>\n\t\t\t\t<\/div>\n\t\t\t\t<\/div>\n\t\t\t\t\t<\/div>\n\t\t\t\t<\/div>\n\t\t<div class=\"elementor-element elementor-element-27cafe1 elementor-hidden-tablet elementor-hidden-mobile e-flex e-con-boxed e-con e-parent\" data-id=\"27cafe1\" data-element_type=\"container\" data-e-type=\"container\">\n\t\t\t\t\t<div class=\"e-con-inner\">\n\t\t<div class=\"elementor-element elementor-element-7ef8906 e-con-full e-flex e-con e-child\" data-id=\"7ef8906\" data-element_type=\"container\" data-e-type=\"container\">\n\t\t\t\t<div class=\"elementor-element elementor-element-fa0a314 elementor-widget elementor-widget-image\" data-id=\"fa0a314\" data-element_type=\"widget\" data-e-type=\"widget\" data-widget_type=\"image.default\">\n\t\t\t\t<div class=\"elementor-widget-container\">\n\t\t\t\t\t\t\t\t\t\t\t\t\t\t\t<img fetchpriority=\"high\" decoding=\"async\" width=\"1024\" height=\"1024\" src=\"https:\/\/bokaditosca.com\/wp-content\/uploads\/2025\/01\/post-25-01-1024x1024.png\" class=\"attachment-large size-large wp-image-2948\" alt=\"\" srcset=\"https:\/\/bokaditosca.com\/wp-content\/uploads\/2025\/01\/post-25-01-1024x1024.png 1024w, https:\/\/bokaditosca.com\/wp-content\/uploads\/2025\/01\/post-25-01-300x300.png 300w, https:\/\/bokaditosca.com\/wp-content\/uploads\/2025\/01\/post-25-01-150x150.png 150w, https:\/\/bokaditosca.com\/wp-content\/uploads\/2025\/01\/post-25-01-768x768.png 768w, https:\/\/bokaditosca.com\/wp-content\/uploads\/2025\/01\/post-25-01-600x600.png 600w, https:\/\/bokaditosca.com\/wp-content\/uploads\/2025\/01\/post-25-01-100x100.png 100w, https:\/\/bokaditosca.com\/wp-content\/uploads\/2025\/01\/post-25-01.png 1080w\" sizes=\"(max-width: 1024px) 100vw, 1024px\" \/>\t\t\t\t\t\t\t\t\t\t\t\t\t\t\t<\/div>\n\t\t\t\t<\/div>\n\t\t\t\t<\/div>\n\t\t<div class=\"elementor-element elementor-element-bfd5807 e-con-full e-flex e-con e-child\" data-id=\"bfd5807\" data-element_type=\"container\" data-e-type=\"container\">\n\t\t\t\t<div class=\"elementor-element elementor-element-ec6e0f5 elementor-widget elementor-widget-spacer\" data-id=\"ec6e0f5\" data-element_type=\"widget\" data-e-type=\"widget\" data-widget_type=\"spacer.default\">\n\t\t\t\t<div class=\"elementor-widget-container\">\n\t\t\t\t\t\t\t<div class=\"elementor-spacer\">\n\t\t\t<div class=\"elementor-spacer-inner\"><\/div>\n\t\t<\/div>\n\t\t\t\t\t\t<\/div>\n\t\t\t\t<\/div>\n\t\t\t\t<div class=\"elementor-element elementor-element-6136686 elementor-widget elementor-widget-text-editor\" data-id=\"6136686\" data-element_type=\"widget\" data-e-type=\"widget\" data-widget_type=\"text-editor.default\">\n\t\t\t\t<div class=\"elementor-widget-container\">\n\t\t\t\t\t\t\t\t\t<p>\u201c\u00a1Eleva tu men\u00fa con el sabor de Colombia! Ofrecemos empanadas colombianas ultracongeladas, preparadas artesanalmente con los mejores ingredientes. Nuestra amplia variedad de rellenos, desde los cl\u00e1sicos hasta opciones vegetarianas, se adapta a cualquier paladar. \u00a1Presentaci\u00f3n ideal para tu negocio, f\u00e1cil de almacenar y cocinar! Cont\u00e1ctanos para mayor informaci\u00f3n.\u201d<\/p>\t\t\t\t\t\t\t\t<\/div>\n\t\t\t\t<\/div>\n\t\t\t\t<\/div>\n\t\t\t\t\t<\/div>\n\t\t\t\t<\/div>\n\t\t<div class=\"elementor-element elementor-element-ecc793e elementor-hidden-desktop elementor-hidden-laptop e-flex e-con-boxed e-con e-parent\" data-id=\"ecc793e\" data-element_type=\"container\" data-e-type=\"container\">\n\t\t\t\t\t<div class=\"e-con-inner\">\n\t\t<div class=\"elementor-element elementor-element-87c45bb e-con-full e-flex e-con e-child\" data-id=\"87c45bb\" data-element_type=\"container\" data-e-type=\"container\">\n\t\t\t\t<div class=\"elementor-element elementor-element-dd13256 elementor-widget elementor-widget-image\" data-id=\"dd13256\" data-element_type=\"widget\" data-e-type=\"widget\" data-widget_type=\"image.default\">\n\t\t\t\t<div class=\"elementor-widget-container\">\n\t\t\t\t\t\t\t\t\t\t\t\t\t\t\t<img decoding=\"async\" width=\"1024\" height=\"1024\" src=\"https:\/\/bokaditosca.com\/wp-content\/uploads\/2025\/01\/bannner-18-1-1024x1024.png\" class=\"attachment-large size-large wp-image-2949\" alt=\"\" srcset=\"https:\/\/bokaditosca.com\/wp-content\/uploads\/2025\/01\/bannner-18-1-1024x1024.png 1024w, https:\/\/bokaditosca.com\/wp-content\/uploads\/2025\/01\/bannner-18-1-300x300.png 300w, https:\/\/bokaditosca.com\/wp-content\/uploads\/2025\/01\/bannner-18-1-150x150.png 150w, https:\/\/bokaditosca.com\/wp-content\/uploads\/2025\/01\/bannner-18-1-768x768.png 768w, https:\/\/bokaditosca.com\/wp-content\/uploads\/2025\/01\/bannner-18-1-600x600.png 600w, https:\/\/bokaditosca.com\/wp-content\/uploads\/2025\/01\/bannner-18-1-100x100.png 100w, https:\/\/bokaditosca.com\/wp-content\/uploads\/2025\/01\/bannner-18-1.png 1080w\" sizes=\"(max-width: 1024px) 100vw, 1024px\" \/>\t\t\t\t\t\t\t\t\t\t\t\t\t\t\t<\/div>\n\t\t\t\t<\/div>\n\t\t\t\t<\/div>\n\t\t<div class=\"elementor-element elementor-element-cf39872 e-con-full e-flex e-con e-child\" data-id=\"cf39872\" data-element_type=\"container\" data-e-type=\"container\">\n\t\t\t\t<div class=\"elementor-element elementor-element-e448cfe elementor-widget elementor-widget-text-editor\" data-id=\"e448cfe\" data-element_type=\"widget\" data-e-type=\"widget\" data-widget_type=\"text-editor.default\">\n\t\t\t\t<div class=\"elementor-widget-container\">\n\t\t\t\t\t\t\t\t\t<p>\u00a1Eventos colombianos a tu medida! Ofrecemos una deliciosa variedad de empanadas de pollo, carne y queso para hacer de tu evento una experiencia inolvidable. \u00a1Personalizamos cada pedido seg\u00fan tus necesidades! Desde eventos corporativos hasta fiestas infantiles, \u00a1contamos con la opci\u00f3n perfecta para ti!  \u00a1Cont\u00e1ctanos hoy mismo!<\/p>\t\t\t\t\t\t\t\t<\/div>\n\t\t\t\t<\/div>\n\t\t\t\t<\/div>\n\t\t\t\t\t<\/div>\n\t\t\t\t<\/div>\n\t\t<div class=\"elementor-element elementor-element-b7bc68b elementor-hidden-tablet elementor-hidden-mobile e-flex e-con-boxed e-con e-parent\" data-id=\"b7bc68b\" data-element_type=\"container\" data-e-type=\"container\">\n\t\t\t\t\t<div class=\"e-con-inner\">\n\t\t<div class=\"elementor-element elementor-element-d806edc e-con-full e-flex e-con e-child\" data-id=\"d806edc\" data-element_type=\"container\" data-e-type=\"container\">\n\t\t\t\t<div class=\"elementor-element elementor-element-acc5278 elementor-widget elementor-widget-image\" data-id=\"acc5278\" data-element_type=\"widget\" data-e-type=\"widget\" data-widget_type=\"image.default\">\n\t\t\t\t<div class=\"elementor-widget-container\">\n\t\t\t\t\t\t\t\t\t\t\t\t\t\t\t<img decoding=\"async\" width=\"1024\" height=\"1024\" src=\"https:\/\/bokaditosca.com\/wp-content\/uploads\/2025\/01\/bannner-18-1-1024x1024.png\" class=\"attachment-large size-large wp-image-2949\" alt=\"\" srcset=\"https:\/\/bokaditosca.com\/wp-content\/uploads\/2025\/01\/bannner-18-1-1024x1024.png 1024w, https:\/\/bokaditosca.com\/wp-content\/uploads\/2025\/01\/bannner-18-1-300x300.png 300w, https:\/\/bokaditosca.com\/wp-content\/uploads\/2025\/01\/bannner-18-1-150x150.png 150w, https:\/\/bokaditosca.com\/wp-content\/uploads\/2025\/01\/bannner-18-1-768x768.png 768w, https:\/\/bokaditosca.com\/wp-content\/uploads\/2025\/01\/bannner-18-1-600x600.png 600w, https:\/\/bokaditosca.com\/wp-content\/uploads\/2025\/01\/bannner-18-1-100x100.png 100w, https:\/\/bokaditosca.com\/wp-content\/uploads\/2025\/01\/bannner-18-1.png 1080w\" sizes=\"(max-width: 1024px) 100vw, 1024px\" \/>\t\t\t\t\t\t\t\t\t\t\t\t\t\t\t<\/div>\n\t\t\t\t<\/div>\n\t\t\t\t<\/div>\n\t\t<div class=\"elementor-element elementor-element-af0645b e-con-full e-flex e-con e-child\" data-id=\"af0645b\" data-element_type=\"container\" data-e-type=\"container\">\n\t\t\t\t<div class=\"elementor-element elementor-element-9450752 elementor-widget elementor-widget-spacer\" data-id=\"9450752\" data-element_type=\"widget\" data-e-type=\"widget\" data-widget_type=\"spacer.default\">\n\t\t\t\t<div class=\"elementor-widget-container\">\n\t\t\t\t\t\t\t<div class=\"elementor-spacer\">\n\t\t\t<div class=\"elementor-spacer-inner\"><\/div>\n\t\t<\/div>\n\t\t\t\t\t\t<\/div>\n\t\t\t\t<\/div>\n\t\t\t\t<div class=\"elementor-element elementor-element-8317857 elementor-widget elementor-widget-text-editor\" data-id=\"8317857\" data-element_type=\"widget\" data-e-type=\"widget\" data-widget_type=\"text-editor.default\">\n\t\t\t\t<div class=\"elementor-widget-container\">\n\t\t\t\t\t\t\t\t\t<p>\u00a1Eventos colombianos a tu medida! Ofrecemos una deliciosa variedad de empanadas de pollo, carne y queso para hacer de tu evento una experiencia inolvidable. \u00a1Personalizamos cada pedido seg\u00fan tus necesidades! Desde eventos corporativos hasta fiestas infantiles, \u00a1contamos con la opci\u00f3n perfecta para ti!  \u00a1Cont\u00e1ctanos hoy mismo!<\/p>\t\t\t\t\t\t\t\t<\/div>\n\t\t\t\t<\/div>\n\t\t\t\t<\/div>\n\t\t\t\t\t<\/div>\n\t\t\t\t<\/div>\n\t\t<div class=\"elementor-element elementor-element-70bebdf elementor-hidden-desktop elementor-hidden-laptop e-flex e-con-boxed e-con e-parent\" data-id=\"70bebdf\" data-element_type=\"container\" data-e-type=\"container\">\n\t\t\t\t\t<div class=\"e-con-inner\">\n\t\t<div class=\"elementor-element elementor-element-19b1870 e-con-full e-flex e-con e-child\" data-id=\"19b1870\" data-element_type=\"container\" data-e-type=\"container\">\n\t\t\t\t<div class=\"elementor-element elementor-element-c7adb95 elementor-widget elementor-widget-image\" data-id=\"c7adb95\" data-element_type=\"widget\" data-e-type=\"widget\" data-widget_type=\"image.default\">\n\t\t\t\t<div class=\"elementor-widget-container\">\n\t\t\t\t\t\t\t\t\t\t\t\t\t\t\t<img decoding=\"async\" width=\"1024\" height=\"1024\" src=\"https:\/\/bokaditosca.com\/wp-content\/uploads\/2025\/01\/bannner-19-1024x1024.png\" class=\"attachment-large size-large wp-image-2950\" alt=\"\" srcset=\"https:\/\/bokaditosca.com\/wp-content\/uploads\/2025\/01\/bannner-19-1024x1024.png 1024w, https:\/\/bokaditosca.com\/wp-content\/uploads\/2025\/01\/bannner-19-300x300.png 300w, https:\/\/bokaditosca.com\/wp-content\/uploads\/2025\/01\/bannner-19-150x150.png 150w, https:\/\/bokaditosca.com\/wp-content\/uploads\/2025\/01\/bannner-19-768x768.png 768w, https:\/\/bokaditosca.com\/wp-content\/uploads\/2025\/01\/bannner-19-600x600.png 600w, https:\/\/bokaditosca.com\/wp-content\/uploads\/2025\/01\/bannner-19-100x100.png 100w, https:\/\/bokaditosca.com\/wp-content\/uploads\/2025\/01\/bannner-19.png 1080w\" sizes=\"(max-width: 1024px) 100vw, 1024px\" \/>\t\t\t\t\t\t\t\t\t\t\t\t\t\t\t<\/div>\n\t\t\t\t<\/div>\n\t\t\t\t<\/div>\n\t\t<div class=\"elementor-element elementor-element-8d4828a e-con-full e-flex e-con e-child\" data-id=\"8d4828a\" data-element_type=\"container\" data-e-type=\"container\">\n\t\t\t\t<div class=\"elementor-element elementor-element-ae0f15c elementor-widget elementor-widget-text-editor\" data-id=\"ae0f15c\" data-element_type=\"widget\" data-e-type=\"widget\" data-widget_type=\"text-editor.default\">\n\t\t\t\t<div class=\"elementor-widget-container\">\n\t\t\t\t\t\t\t\t\t<p>\u00a1Disfruta de nuestros deliciosos sabores sin salir de casa! Cont\u00e1ctanos para conocer nuestras opciones de pago y horarios de entrega.\n\u00a1Tenemos domicilio en Oakland, Bay Area, Fremont y Union City!<br \/>We have locations in Oakland, Bay Area, Fremont and Union City!<\/p>\t\t\t\t\t\t\t\t<\/div>\n\t\t\t\t<\/div>\n\t\t\t\t<\/div>\n\t\t\t\t\t<\/div>\n\t\t\t\t<\/div>\n\t\t<div class=\"elementor-element elementor-element-7a20793 elementor-hidden-tablet elementor-hidden-mobile e-flex e-con-boxed e-con e-parent\" data-id=\"7a20793\" data-element_type=\"container\" data-e-type=\"container\">\n\t\t\t\t\t<div class=\"e-con-inner\">\n\t\t<div class=\"elementor-element elementor-element-28bcee6 e-con-full e-flex e-con e-child\" data-id=\"28bcee6\" data-element_type=\"container\" data-e-type=\"container\">\n\t\t\t\t<div class=\"elementor-element elementor-element-194ef09 elementor-widget elementor-widget-image\" data-id=\"194ef09\" data-element_type=\"widget\" data-e-type=\"widget\" data-widget_type=\"image.default\">\n\t\t\t\t<div class=\"elementor-widget-container\">\n\t\t\t\t\t\t\t\t\t\t\t\t\t\t\t<img decoding=\"async\" width=\"1024\" height=\"1024\" src=\"https:\/\/bokaditosca.com\/wp-content\/uploads\/2025\/01\/bannner-19-1024x1024.png\" class=\"attachment-large size-large wp-image-2950\" alt=\"\" srcset=\"https:\/\/bokaditosca.com\/wp-content\/uploads\/2025\/01\/bannner-19-1024x1024.png 1024w, https:\/\/bokaditosca.com\/wp-content\/uploads\/2025\/01\/bannner-19-300x300.png 300w, https:\/\/bokaditosca.com\/wp-content\/uploads\/2025\/01\/bannner-19-150x150.png 150w, https:\/\/bokaditosca.com\/wp-content\/uploads\/2025\/01\/bannner-19-768x768.png 768w, https:\/\/bokaditosca.com\/wp-content\/uploads\/2025\/01\/bannner-19-600x600.png 600w, https:\/\/bokaditosca.com\/wp-content\/uploads\/2025\/01\/bannner-19-100x100.png 100w, https:\/\/bokaditosca.com\/wp-content\/uploads\/2025\/01\/bannner-19.png 1080w\" sizes=\"(max-width: 1024px) 100vw, 1024px\" \/>\t\t\t\t\t\t\t\t\t\t\t\t\t\t\t<\/div>\n\t\t\t\t<\/div>\n\t\t\t\t<\/div>\n\t\t<div class=\"elementor-element elementor-element-9e388d5 e-con-full e-flex e-con e-child\" data-id=\"9e388d5\" data-element_type=\"container\" data-e-type=\"container\">\n\t\t\t\t<div class=\"elementor-element elementor-element-030a7f0 elementor-widget elementor-widget-spacer\" data-id=\"030a7f0\" data-element_type=\"widget\" data-e-type=\"widget\" data-widget_type=\"spacer.default\">\n\t\t\t\t<div class=\"elementor-widget-container\">\n\t\t\t\t\t\t\t<div class=\"elementor-spacer\">\n\t\t\t<div class=\"elementor-spacer-inner\"><\/div>\n\t\t<\/div>\n\t\t\t\t\t\t<\/div>\n\t\t\t\t<\/div>\n\t\t\t\t<div class=\"elementor-element elementor-element-d7404a9 elementor-widget elementor-widget-text-editor\" data-id=\"d7404a9\" data-element_type=\"widget\" data-e-type=\"widget\" data-widget_type=\"text-editor.default\">\n\t\t\t\t<div class=\"elementor-widget-container\">\n\t\t\t\t\t\t\t\t\t<p>\u00a1Disfruta de nuestros deliciosos sabores sin salir de casa! Cont\u00e1ctanos para conocer nuestras opciones de pago y horarios de entrega.\n\u00a1Tenemos domicilio en Oakland, Bay Area, Fremont y Union City!<br \/>We have locations in Oakland, Bay Area, Fremont and Union City!<\/p>\t\t\t\t\t\t\t\t<\/div>\n\t\t\t\t<\/div>\n\t\t\t\t<\/div>\n\t\t\t\t\t<\/div>\n\t\t\t\t<\/div>\n\t\t\t\t<\/div>","protected":false},"excerpt":{"rendered":"<p>\u201cElevate your menu with the taste of Colombia! We offer deep-frozen Colombian empanadas, handmade with the best ingredients. Our wide variety of fillings, from classic to vegetarian options, will suit any palate. Ideal presentation for your business, easy to store and cook! Contact us for more information.\u201d \u201cElevate your menu with the taste of Colombia! [&hellip;]<\/p>\n","protected":false},"author":1,"featured_media":0,"parent":0,"menu_order":0,"comment_status":"closed","ping_status":"closed","template":"elementor_header_footer","meta":{"_uag_custom_page_level_css":"","site-sidebar-layout":"no-sidebar","site-content-layout":"page-builder","ast-site-content-layout":"full-width-container","site-content-style":"unboxed","site-sidebar-style":"unboxed","ast-global-header-display":"","ast-banner-title-visibility":"","ast-main-header-display":"","ast-hfb-above-header-display":"","ast-hfb-below-header-display":"","ast-hfb-mobile-header-display":"","site-post-title":"disabled","ast-breadcrumbs-content":"","ast-featured-img":"disabled","footer-sml-layout":"","ast-disable-related-posts":"","theme-transparent-header-meta":"enabled","adv-header-id-meta":"","stick-header-meta":"","header-above-stick-meta":"","header-main-stick-meta":"","header-below-stick-meta":"","astra-migrate-meta-layouts":"set","ast-page-background-enabled":"default","ast-page-background-meta":{"desktop":{"background-color":"var(--ast-global-color-4)","background-image":"","background-repeat":"repeat","background-position":"center center","background-size":"auto","background-attachment":"scroll","background-type":"","background-media":"","overlay-type":"","overlay-color":"","overlay-opacity":"","overlay-gradient":""},"tablet":{"background-color":"","background-image":"","background-repeat":"repeat","background-position":"center center","background-size":"auto","background-attachment":"scroll","background-type":"","background-media":"","overlay-type":"","overlay-color":"","overlay-opacity":"","overlay-gradient":""},"mobile":{"background-color":"","background-image":"","background-repeat":"repeat","background-position":"center center","background-size":"auto","background-attachment":"scroll","background-type":"","background-media":"","overlay-type":"","overlay-color":"","overlay-opacity":"","overlay-gradient":""}},"ast-content-background-meta":{"desktop":{"background-color":"var(--ast-global-color-5)","background-image":"","background-repeat":"repeat","background-position":"center center","background-size":"auto","background-attachment":"scroll","background-type":"","background-media":"","overlay-type":"","overlay-color":"","overlay-opacity":"","overlay-gradient":""},"tablet":{"background-color":"var(--ast-global-color-5)","background-image":"","background-repeat":"repeat","background-position":"center center","background-size":"auto","background-attachment":"scroll","background-type":"","background-media":"","overlay-type":"","overlay-color":"","overlay-opacity":"","overlay-gradient":""},"mobile":{"background-color":"var(--ast-global-color-5)","background-image":"","background-repeat":"repeat","background-position":"center center","background-size":"auto","background-attachment":"scroll","background-type":"","background-media":"","overlay-type":"","overlay-color":"","overlay-opacity":"","overlay-gradient":""}},"_joinchat":[],"footnotes":""},"class_list":["post-1326","page","type-page","status-publish","hentry"],"aioseo_notices":[],"uagb_featured_image_src":{"full":false,"thumbnail":false,"medium":false,"medium_large":false,"large":false,"1536x1536":false,"2048x2048":false,"trp-custom-language-flag":false,"woocommerce_thumbnail":false,"woocommerce_single":false,"woocommerce_gallery_thumbnail":false},"uagb_author_info":{"display_name":"bokaditos.ca@gmail.com","author_link":"https:\/\/bokaditosca.com\/es\/author\/bokaditos-cagmail-com\/"},"uagb_comment_info":0,"uagb_excerpt":"\u201cElevate your menu with the taste of Colombia! We offer deep-frozen Colombian empanadas, handmade with the best ingredients. Our wide variety of fillings, from classic to vegetarian options, will suit any palate. Ideal presentation for your business, easy to store and cook! Contact us for more information.\u201d \u201cElevate your menu with the taste of Colombia!&hellip;","_links":{"self":[{"href":"https:\/\/bokaditosca.com\/es\/wp-json\/wp\/v2\/pages\/1326","targetHints":{"allow":["GET"]}}],"collection":[{"href":"https:\/\/bokaditosca.com\/es\/wp-json\/wp\/v2\/pages"}],"about":[{"href":"https:\/\/bokaditosca.com\/es\/wp-json\/wp\/v2\/types\/page"}],"author":[{"embeddable":true,"href":"https:\/\/bokaditosca.com\/es\/wp-json\/wp\/v2\/users\/1"}],"replies":[{"embeddable":true,"href":"https:\/\/bokaditosca.com\/es\/wp-json\/wp\/v2\/comments?post=1326"}],"version-history":[{"count":22,"href":"https:\/\/bokaditosca.com\/es\/wp-json\/wp\/v2\/pages\/1326\/revisions"}],"predecessor-version":[{"id":3275,"href":"https:\/\/bokaditosca.com\/es\/wp-json\/wp\/v2\/pages\/1326\/revisions\/3275"}],"wp:attachment":[{"href":"https:\/\/bokaditosca.com\/es\/wp-json\/wp\/v2\/media?parent=1326"}],"curies":[{"name":"wp","href":"https:\/\/api.w.org\/{rel}","templated":true}]}}