{"id":3087,"date":"2025-02-03T17:43:41","date_gmt":"2025-02-03T17:43:41","guid":{"rendered":"https:\/\/bokaditosca.com\/?page_id=3087"},"modified":"2025-02-03T18:59:11","modified_gmt":"2025-02-03T18:59:11","slug":"flour-empanada","status":"publish","type":"page","link":"https:\/\/bokaditosca.com\/es\/flour-empanada\/","title":{"rendered":"Flour Empanada"},"content":{"rendered":"<div data-elementor-type=\"wp-page\" data-elementor-id=\"3087\" class=\"elementor elementor-3087\">\n\t\t\t\t<div class=\"elementor-element elementor-element-e29e4da elementor-hidden-desktop elementor-hidden-laptop e-flex e-con-boxed e-con e-parent\" data-id=\"e29e4da\" data-element_type=\"container\" data-e-type=\"container\" data-settings=\"{&quot;background_background&quot;:&quot;classic&quot;}\">\n\t\t\t\t\t<div class=\"e-con-inner\">\n\t\t\t\t<div class=\"elementor-element elementor-element-88d33b2 elementor-widget elementor-widget-spacer\" data-id=\"88d33b2\" data-element_type=\"widget\" data-e-type=\"widget\" data-widget_type=\"spacer.default\">\n\t\t\t\t<div class=\"elementor-widget-container\">\n\t\t\t\t\t\t\t<div class=\"elementor-spacer\">\n\t\t\t<div class=\"elementor-spacer-inner\"><\/div>\n\t\t<\/div>\n\t\t\t\t\t\t<\/div>\n\t\t\t\t<\/div>\n\t\t\t\t<div class=\"elementor-element elementor-element-e7866da elementor-widget elementor-widget-spacer\" data-id=\"e7866da\" data-element_type=\"widget\" data-e-type=\"widget\" data-widget_type=\"spacer.default\">\n\t\t\t\t<div class=\"elementor-widget-container\">\n\t\t\t\t\t\t\t<div class=\"elementor-spacer\">\n\t\t\t<div class=\"elementor-spacer-inner\"><\/div>\n\t\t<\/div>\n\t\t\t\t\t\t<\/div>\n\t\t\t\t<\/div>\n\t\t\t\t\t<\/div>\n\t\t\t\t<\/div>\n\t\t<div class=\"elementor-element elementor-element-438b13a elementor-hidden-tablet elementor-hidden-mobile e-flex e-con-boxed e-con e-parent\" data-id=\"438b13a\" data-element_type=\"container\" data-e-type=\"container\" data-settings=\"{&quot;background_background&quot;:&quot;classic&quot;}\">\n\t\t\t\t\t<div class=\"e-con-inner\">\n\t\t\t\t<div class=\"elementor-element elementor-element-2fdf259 elementor-widget elementor-widget-spacer\" data-id=\"2fdf259\" data-element_type=\"widget\" data-e-type=\"widget\" data-widget_type=\"spacer.default\">\n\t\t\t\t<div class=\"elementor-widget-container\">\n\t\t\t\t\t\t\t<div class=\"elementor-spacer\">\n\t\t\t<div class=\"elementor-spacer-inner\"><\/div>\n\t\t<\/div>\n\t\t\t\t\t\t<\/div>\n\t\t\t\t<\/div>\n\t\t\t\t<div class=\"elementor-element elementor-element-ac1ddd8 elementor-widget elementor-widget-spacer\" data-id=\"ac1ddd8\" data-element_type=\"widget\" data-e-type=\"widget\" data-widget_type=\"spacer.default\">\n\t\t\t\t<div class=\"elementor-widget-container\">\n\t\t\t\t\t\t\t<div class=\"elementor-spacer\">\n\t\t\t<div class=\"elementor-spacer-inner\"><\/div>\n\t\t<\/div>\n\t\t\t\t\t\t<\/div>\n\t\t\t\t<\/div>\n\t\t\t\t\t<\/div>\n\t\t\t\t<\/div>\n\t\t<div class=\"elementor-element elementor-element-f209036 e-flex e-con-boxed e-con e-parent\" data-id=\"f209036\" data-element_type=\"container\" data-e-type=\"container\">\n\t\t\t\t\t<div class=\"e-con-inner\">\n\t\t\t\t<div class=\"elementor-element elementor-element-0b8397c elementor-widget elementor-widget-heading\" data-id=\"0b8397c\" data-element_type=\"widget\" data-e-type=\"widget\" data-widget_type=\"heading.default\">\n\t\t\t\t<div class=\"elementor-widget-container\">\n\t\t\t\t\t<h2 class=\"elementor-heading-title elementor-size-default\">\u00a1Empanadas de Harina Colombianas, un fest\u00edn de sabor con sello casero!<\/h2>\t\t\t\t<\/div>\n\t\t\t\t<\/div>\n\t\t\t\t<div class=\"elementor-element elementor-element-b490b57 elementor-widget elementor-widget-text-editor\" data-id=\"b490b57\" data-element_type=\"widget\" data-e-type=\"widget\" data-widget_type=\"text-editor.default\">\n\t\t\t\t<div class=\"elementor-widget-container\">\n\t\t\t\t\t\t\t\t\t<p data-sourcepos=\"5:1-5:146\">\u00bfBuscas una explosi\u00f3n de sabor que te haga agua la boca? \u00a1No busques m\u00e1s! Nuestras empanadas de harina colombianas son la respuesta a tus antojos.<\/p><p data-sourcepos=\"7:1-7:270\">Elaboradas con una receta familiar que ha pasado de generaci\u00f3n en generaci\u00f3n, cada empanada es un homenaje a la tradici\u00f3n colombiana. Utilizamos ingredientes frescos y de la m\u00e1s alta calidad para garantizar un sabor aut\u00e9ntico que te transportar\u00e1 directamente a Colombia.<\/p><p data-sourcepos=\"9:1-9:43\"><strong>Descubre la magia de nuestros rellenos:<\/strong><\/p><ul data-sourcepos=\"11:1-15:0\"><li data-sourcepos=\"11:1-11:105\"><strong>Carne<\/strong>: Sum\u00e9rgete en el sabor de nuestra jugosa carne molida o desmechada, \u00a1t\u00fa eliges la intensidad!<\/li><li data-sourcepos=\"12:1-12:110\"><strong>Pollo<\/strong>: Del\u00e9itate con la suavidad del pollo desmenuzado, aderezado con un toque secreto que te encantar\u00e1.<\/li><li data-sourcepos=\"13:1-13:112\"><strong>Jam\u00f3n y Queso<\/strong>: Un cl\u00e1sico irresistible que combina la cremosidad del queso con el toque ahumado del jam\u00f3n.<\/li><li data-sourcepos=\"14:1-15:0\"><strong>Solo Queso<\/strong>: Para los amantes del queso en su m\u00e1xima expresi\u00f3n, una opci\u00f3n que te har\u00e1 suspirar.<\/li><\/ul><p data-sourcepos=\"16:1-16:52\"><strong>Elige la presentaci\u00f3n que se adapte a tu estilo:<\/strong><\/p><ul data-sourcepos=\"18:1-20:0\"><li data-sourcepos=\"18:1-18:116\"><strong>Listas para comer<\/strong>: Disfruta de nuestras empanadas reci\u00e9n hechas, perfectas para una comida r\u00e1pida y deliciosa.<\/li><li data-sourcepos=\"19:1-20:0\"><strong>Ultracongeladas<\/strong>: Ten a mano la soluci\u00f3n para esos antojos inesperados. \u00a1Listas para hornear o fre\u00edr en tu Air Fryer!<\/li><\/ul>\t\t\t\t\t\t\t\t<\/div>\n\t\t\t\t<\/div>\n\t\t\t\t\t<\/div>\n\t\t\t\t<\/div>\n\t\t\t\t<\/div>","protected":false},"excerpt":{"rendered":"<p>\u00a1Empanadas de Harina Colombianas, un fest\u00edn de sabor con sello casero! \u00bfBuscas una explosi\u00f3n de sabor que te haga agua la boca? \u00a1No busques m\u00e1s! Nuestras empanadas de harina colombianas son la respuesta a tus antojos. Elaboradas con una receta familiar que ha pasado de generaci\u00f3n en generaci\u00f3n, cada empanada es un homenaje a la [&hellip;]<\/p>\n","protected":false},"author":1,"featured_media":0,"parent":0,"menu_order":0,"comment_status":"closed","ping_status":"closed","template":"","meta":{"_uag_custom_page_level_css":"","site-sidebar-layout":"no-sidebar","site-content-layout":"page-builder","ast-site-content-layout":"full-width-container","site-content-style":"default","site-sidebar-style":"default","ast-global-header-display":"","ast-banner-title-visibility":"","ast-main-header-display":"","ast-hfb-above-header-display":"","ast-hfb-below-header-display":"","ast-hfb-mobile-header-display":"","site-post-title":"disabled","ast-breadcrumbs-content":"","ast-featured-img":"disabled","footer-sml-layout":"","ast-disable-related-posts":"","theme-transparent-header-meta":"","adv-header-id-meta":"","stick-header-meta":"","header-above-stick-meta":"","header-main-stick-meta":"","header-below-stick-meta":"","astra-migrate-meta-layouts":"set","ast-page-background-enabled":"default","ast-page-background-meta":{"desktop":{"background-color":"var(--ast-global-color-4)","background-image":"","background-repeat":"repeat","background-position":"center center","background-size":"auto","background-attachment":"scroll","background-type":"","background-media":"","overlay-type":"","overlay-color":"","overlay-opacity":"","overlay-gradient":""},"tablet":{"background-color":"","background-image":"","background-repeat":"repeat","background-position":"center center","background-size":"auto","background-attachment":"scroll","background-type":"","background-media":"","overlay-type":"","overlay-color":"","overlay-opacity":"","overlay-gradient":""},"mobile":{"background-color":"","background-image":"","background-repeat":"repeat","background-position":"center center","background-size":"auto","background-attachment":"scroll","background-type":"","background-media":"","overlay-type":"","overlay-color":"","overlay-opacity":"","overlay-gradient":""}},"ast-content-background-meta":{"desktop":{"background-color":"var(--ast-global-color-5)","background-image":"","background-repeat":"repeat","background-position":"center center","background-size":"auto","background-attachment":"scroll","background-type":"","background-media":"","overlay-type":"","overlay-color":"","overlay-opacity":"","overlay-gradient":""},"tablet":{"background-color":"var(--ast-global-color-5)","background-image":"","background-repeat":"repeat","background-position":"center center","background-size":"auto","background-attachment":"scroll","background-type":"","background-media":"","overlay-type":"","overlay-color":"","overlay-opacity":"","overlay-gradient":""},"mobile":{"background-color":"var(--ast-global-color-5)","background-image":"","background-repeat":"repeat","background-position":"center center","background-size":"auto","background-attachment":"scroll","background-type":"","background-media":"","overlay-type":"","overlay-color":"","overlay-opacity":"","overlay-gradient":""}},"_joinchat":[],"footnotes":""},"class_list":["post-3087","page","type-page","status-publish","hentry"],"aioseo_notices":[],"uagb_featured_image_src":{"full":false,"thumbnail":false,"medium":false,"medium_large":false,"large":false,"1536x1536":false,"2048x2048":false,"trp-custom-language-flag":false,"woocommerce_thumbnail":false,"woocommerce_single":false,"woocommerce_gallery_thumbnail":false},"uagb_author_info":{"display_name":"bokaditos.ca@gmail.com","author_link":"https:\/\/bokaditosca.com\/es\/author\/bokaditos-cagmail-com\/"},"uagb_comment_info":0,"uagb_excerpt":"\u00a1Empanadas de Harina Colombianas, un fest\u00edn de sabor con sello casero! \u00bfBuscas una explosi\u00f3n de sabor que te haga agua la boca? \u00a1No busques m\u00e1s! Nuestras empanadas de harina colombianas son la respuesta a tus antojos. Elaboradas con una receta familiar que ha pasado de generaci\u00f3n en generaci\u00f3n, cada empanada es un homenaje a la&hellip;","_links":{"self":[{"href":"https:\/\/bokaditosca.com\/es\/wp-json\/wp\/v2\/pages\/3087","targetHints":{"allow":["GET"]}}],"collection":[{"href":"https:\/\/bokaditosca.com\/es\/wp-json\/wp\/v2\/pages"}],"about":[{"href":"https:\/\/bokaditosca.com\/es\/wp-json\/wp\/v2\/types\/page"}],"author":[{"embeddable":true,"href":"https:\/\/bokaditosca.com\/es\/wp-json\/wp\/v2\/users\/1"}],"replies":[{"embeddable":true,"href":"https:\/\/bokaditosca.com\/es\/wp-json\/wp\/v2\/comments?post=3087"}],"version-history":[{"count":10,"href":"https:\/\/bokaditosca.com\/es\/wp-json\/wp\/v2\/pages\/3087\/revisions"}],"predecessor-version":[{"id":3101,"href":"https:\/\/bokaditosca.com\/es\/wp-json\/wp\/v2\/pages\/3087\/revisions\/3101"}],"wp:attachment":[{"href":"https:\/\/bokaditosca.com\/es\/wp-json\/wp\/v2\/media?parent=3087"}],"curies":[{"name":"wp","href":"https:\/\/api.w.org\/{rel}","templated":true}]}}