{"id":2989,"date":"2025-01-29T20:36:45","date_gmt":"2025-01-29T20:36:45","guid":{"rendered":"https:\/\/bokaditosca.com\/?post_type=product&#038;p=2989"},"modified":"2025-01-29T20:50:22","modified_gmt":"2025-01-29T20:50:22","slug":"empanadas-de-carne-molida","status":"publish","type":"product","link":"https:\/\/bokaditosca.com\/es\/producto\/empanadas-de-carne-molida\/","title":{"rendered":"Empanadas de Carne Molida"},"content":{"rendered":"","protected":false},"excerpt":{"rendered":"<p><strong>Empanadas de queso y jam\u00f3n:<\/strong> Un cl\u00e1sico colombiano, con queso derretido y jam\u00f3n, envuelto en una masa crujiente.<\/p>\n<p><a href=\"https:\/\/api.whatsapp.com\/send\/?phone=15103041112&amp;text=quiero+empanadas+colombianas+&amp;type=phone_number&amp;app_absent=0\"><img decoding=\"async\" class=\"wp-image-2977 aligncenter\" src=\"https:\/\/bokaditosca.com\/wp-content\/uploads\/2025\/01\/BOTON-WHATSAPP-300x107.webp\" alt=\"\" width=\"266\" height=\"95\" srcset=\"https:\/\/bokaditosca.com\/wp-content\/uploads\/2025\/01\/BOTON-WHATSAPP-300x107.webp 300w, https:\/\/bokaditosca.com\/wp-content\/uploads\/2025\/01\/BOTON-WHATSAPP-1024x364.webp 1024w, https:\/\/bokaditosca.com\/wp-content\/uploads\/2025\/01\/BOTON-WHATSAPP-768x273.webp 768w, https:\/\/bokaditosca.com\/wp-content\/uploads\/2025\/01\/BOTON-WHATSAPP-600x213.webp 600w, https:\/\/bokaditosca.com\/wp-content\/uploads\/2025\/01\/BOTON-WHATSAPP.webp 1068w\" sizes=\"(max-width: 266px) 100vw, 266px\" \/><\/a><\/p>","protected":false},"featured_media":2990,"comment_status":"open","ping_status":"closed","template":"","meta":{"_uag_custom_page_level_css":"","site-sidebar-layout":"default","site-content-layout":"","ast-site-content-layout":"default","site-content-style":"default","site-sidebar-style":"default","ast-global-header-display":"","ast-banner-title-visibility":"","ast-main-header-display":"","ast-hfb-above-header-display":"","ast-hfb-below-header-display":"","ast-hfb-mobile-header-display":"","site-post-title":"","ast-breadcrumbs-content":"","ast-featured-img":"","footer-sml-layout":"","ast-disable-related-posts":"","theme-transparent-header-meta":"default","adv-header-id-meta":"","stick-header-meta":"","header-above-stick-meta":"","header-main-stick-meta":"","header-below-stick-meta":"","astra-migrate-meta-layouts":"set","ast-page-background-enabled":"default","ast-page-background-meta":{"desktop":{"background-color":"var(--ast-global-color-4)","background-image":"","background-repeat":"repeat","background-position":"center center","background-size":"auto","background-attachment":"scroll","background-type":"","background-media":"","overlay-type":"","overlay-color":"","overlay-opacity":"","overlay-gradient":""},"tablet":{"background-color":"","background-image":"","background-repeat":"repeat","background-position":"center center","background-size":"auto","background-attachment":"scroll","background-type":"","background-media":"","overlay-type":"","overlay-color":"","overlay-opacity":"","overlay-gradient":""},"mobile":{"background-color":"","background-image":"","background-repeat":"repeat","background-position":"center center","background-size":"auto","background-attachment":"scroll","background-type":"","background-media":"","overlay-type":"","overlay-color":"","overlay-opacity":"","overlay-gradient":""}},"ast-content-background-meta":{"desktop":{"background-color":"var(--ast-global-color-5)","background-image":"","background-repeat":"repeat","background-position":"center center","background-size":"auto","background-attachment":"scroll","background-type":"","background-media":"","overlay-type":"","overlay-color":"","overlay-opacity":"","overlay-gradient":""},"tablet":{"background-color":"var(--ast-global-color-5)","background-image":"","background-repeat":"repeat","background-position":"center center","background-size":"auto","background-attachment":"scroll","background-type":"","background-media":"","overlay-type":"","overlay-color":"","overlay-opacity":"","overlay-gradient":""},"mobile":{"background-color":"var(--ast-global-color-5)","background-image":"","background-repeat":"repeat","background-position":"center center","background-size":"auto","background-attachment":"scroll","background-type":"","background-media":"","overlay-type":"","overlay-color":"","overlay-opacity":"","overlay-gradient":""}},"_joinchat":[]},"product_brand":[],"product_cat":[15],"product_tag":[],"class_list":{"0":"post-2989","1":"product","2":"type-product","3":"status-publish","4":"has-post-thumbnail","6":"product_cat-uncategorized","7":"desktop-align-left","8":"tablet-align-left","9":"mobile-align-left","11":"first","12":"instock","13":"shipping-taxable","14":"purchasable","15":"product-type-simple"},"aioseo_notices":[],"uagb_featured_image_src":{"full":["https:\/\/bokaditosca.com\/wp-content\/uploads\/2025\/01\/producto-3.png",1080,1080,false],"thumbnail":["https:\/\/bokaditosca.com\/wp-content\/uploads\/2025\/01\/producto-3-150x150.png",150,150,true],"medium":["https:\/\/bokaditosca.com\/wp-content\/uploads\/2025\/01\/producto-3-300x300.png",300,300,true],"medium_large":["https:\/\/bokaditosca.com\/wp-content\/uploads\/2025\/01\/producto-3-768x768.png",768,768,true],"large":["https:\/\/bokaditosca.com\/wp-content\/uploads\/2025\/01\/producto-3-1024x1024.png",1024,1024,true],"1536x1536":["https:\/\/bokaditosca.com\/wp-content\/uploads\/2025\/01\/producto-3.png",1080,1080,false],"2048x2048":["https:\/\/bokaditosca.com\/wp-content\/uploads\/2025\/01\/producto-3.png",1080,1080,false],"trp-custom-language-flag":["https:\/\/bokaditosca.com\/wp-content\/uploads\/2025\/01\/producto-3.png",12,12,false],"woocommerce_thumbnail":["https:\/\/bokaditosca.com\/wp-content\/uploads\/2025\/01\/producto-3-300x300.png",300,300,true],"woocommerce_single":["https:\/\/bokaditosca.com\/wp-content\/uploads\/2025\/01\/producto-3-600x600.png",600,600,true],"woocommerce_gallery_thumbnail":["https:\/\/bokaditosca.com\/wp-content\/uploads\/2025\/01\/producto-3-100x100.png",100,100,true]},"uagb_author_info":{"display_name":"bokaditos.ca@gmail.com","author_link":"https:\/\/bokaditosca.com\/es\/author\/"},"uagb_comment_info":1,"uagb_excerpt":"Empanadas de queso y jam\u00f3n: Un cl\u00e1sico colombiano, con queso derretido y jam\u00f3n, envuelto en una masa crujiente.","_links":{"self":[{"href":"https:\/\/bokaditosca.com\/es\/wp-json\/wp\/v2\/product\/2989","targetHints":{"allow":["GET"]}}],"collection":[{"href":"https:\/\/bokaditosca.com\/es\/wp-json\/wp\/v2\/product"}],"about":[{"href":"https:\/\/bokaditosca.com\/es\/wp-json\/wp\/v2\/types\/product"}],"replies":[{"embeddable":true,"href":"https:\/\/bokaditosca.com\/es\/wp-json\/wp\/v2\/comments?post=2989"}],"wp:featuredmedia":[{"embeddable":true,"href":"https:\/\/bokaditosca.com\/es\/wp-json\/wp\/v2\/media\/2990"}],"wp:attachment":[{"href":"https:\/\/bokaditosca.com\/es\/wp-json\/wp\/v2\/media?parent=2989"}],"wp:term":[{"taxonomy":"product_brand","embeddable":true,"href":"https:\/\/bokaditosca.com\/es\/wp-json\/wp\/v2\/product_brand?post=2989"},{"taxonomy":"product_cat","embeddable":true,"href":"https:\/\/bokaditosca.com\/es\/wp-json\/wp\/v2\/product_cat?post=2989"},{"taxonomy":"product_tag","embeddable":true,"href":"https:\/\/bokaditosca.com\/es\/wp-json\/wp\/v2\/product_tag?post=2989"}],"curies":[{"name":"wp","href":"https:\/\/api.w.org\/{rel}","templated":true}]}}